{"id":2675,"date":"2024-04-12T12:46:21","date_gmt":"2024-04-12T11:46:21","guid":{"rendered":"https:\/\/campservice.pl\/?page_id=2675"},"modified":"2025-09-02T16:02:25","modified_gmt":"2025-09-02T15:02:25","slug":"zawieszenia-pneumatyczne-i-hydrauliczne","status":"publish","type":"page","link":"https:\/\/campservice.pl\/en\/zawieszenia-pneumatyczne-i-hydrauliczne\/","title":{"rendered":"Pneumatic and hydraulic suspensions"},"content":{"rendered":"<div data-elementor-type=\"wp-page\" data-elementor-id=\"2675\" class=\"elementor elementor-2675\">\n\t\t\t\t<div data-particle_enable=\"false\" data-particle-mobile-disabled=\"false\" class=\"elementor-element elementor-element-f548c6a e-con-full e-flex e-con e-parent\" data-id=\"f548c6a\" data-element_type=\"container\" data-settings=\"{&quot;background_background&quot;:&quot;classic&quot;}\">\n\t\t\t\t<\/div>\n\t\t<div data-particle_enable=\"false\" data-particle-mobile-disabled=\"false\" class=\"elementor-element elementor-element-63a64bd e-flex e-con-boxed elementor-invisible e-con e-parent\" data-id=\"63a64bd\" data-element_type=\"container\" data-settings=\"{&quot;animation&quot;:&quot;fadeIn&quot;,&quot;animation_delay&quot;:155}\">\n\t\t\t\t\t<div class=\"e-con-inner\">\n\t\t\t\t<div class=\"elementor-element elementor-element-9a45900 elementor-widget elementor-widget-heading\" data-id=\"9a45900\" data-element_type=\"widget\" data-widget_type=\"heading.default\">\n\t\t\t\t<div class=\"elementor-widget-container\">\n\t\t\t<style>\/*! elementor - v3.23.0 - 23-07-2024 *\/\n.elementor-heading-title{padding:0;margin:0;line-height:1}.elementor-widget-heading .elementor-heading-title[class*=elementor-size-]>a{color:inherit;font-size:inherit;line-height:inherit}.elementor-widget-heading .elementor-heading-title.elementor-size-small{font-size:15px}.elementor-widget-heading .elementor-heading-title.elementor-size-medium{font-size:19px}.elementor-widget-heading .elementor-heading-title.elementor-size-large{font-size:29px}.elementor-widget-heading .elementor-heading-title.elementor-size-xl{font-size:39px}.elementor-widget-heading .elementor-heading-title.elementor-size-xxl{font-size:59px}<\/style><h2 class=\"elementor-heading-title elementor-size-default\">LEVELLING SYSTEMS AND AIR SUSPENSIONS<\/h2>\t\t<\/div>\n\t\t\t\t<\/div>\n\t\t\t\t<div class=\"elementor-element elementor-element-797e6b3 elementor-widget elementor-widget-heading\" data-id=\"797e6b3\" data-element_type=\"widget\" data-widget_type=\"heading.default\">\n\t\t\t\t<div class=\"elementor-widget-container\">\n\t\t\t<h1 class=\"elementor-heading-title elementor-size-default\">Professional installation of hydraulic levelling systems and air suspensions for campervans<\/h1>\t\t<\/div>\n\t\t\t\t<\/div>\n\t\t<div data-particle_enable=\"false\" data-particle-mobile-disabled=\"false\" class=\"elementor-element elementor-element-bddccfc e-flex e-con-boxed e-con e-child\" data-id=\"bddccfc\" data-element_type=\"container\">\n\t\t\t\t\t<div class=\"e-con-inner\">\n\t\t<div data-particle_enable=\"false\" data-particle-mobile-disabled=\"false\" class=\"elementor-element elementor-element-81191e1 e-flex e-con-boxed e-con e-child\" data-id=\"81191e1\" data-element_type=\"container\">\n\t\t\t\t\t<div class=\"e-con-inner\">\n\t\t<div data-particle_enable=\"false\" data-particle-mobile-disabled=\"false\" class=\"elementor-element elementor-element-e12bc8a e-flex e-con-boxed e-con e-child\" data-id=\"e12bc8a\" data-element_type=\"container\">\n\t\t\t\t\t<div class=\"e-con-inner\">\n\t\t\t\t<div class=\"elementor-element elementor-element-532a0d2 elementor-widget elementor-widget-text-editor\" data-id=\"532a0d2\" data-element_type=\"widget\" data-widget_type=\"text-editor.default\">\n\t\t\t\t<div class=\"elementor-widget-container\">\n\t\t\t<style>\/*! elementor - v3.23.0 - 23-07-2024 *\/\n.elementor-widget-text-editor.elementor-drop-cap-view-stacked .elementor-drop-cap{background-color:#69727d;color:#fff}.elementor-widget-text-editor.elementor-drop-cap-view-framed .elementor-drop-cap{color:#69727d;border:3px solid;background-color:transparent}.elementor-widget-text-editor:not(.elementor-drop-cap-view-default) .elementor-drop-cap{margin-top:8px}.elementor-widget-text-editor:not(.elementor-drop-cap-view-default) .elementor-drop-cap-letter{width:1em;height:1em}.elementor-widget-text-editor .elementor-drop-cap{float:left;text-align:center;line-height:1;font-size:50px}.elementor-widget-text-editor .elementor-drop-cap-letter{display:inline-block}<\/style>\t\t\t\t<strong>Fully automatic MA-VE levelling systems for your motorhome. The MA-VE system levels, stabilises and secures the vehicle in less than 2 minutes. The four hydraulic jacks are locked into position, ensuring that all equipment in the vehicle functions correctly. Operated via a simple control panel or free smartphone app. <\/strong>\t\t\t\t\t\t<\/div>\n\t\t\t\t<\/div>\n\t\t\t\t\t<\/div>\n\t\t\t\t<\/div>\n\t\t\t\t\t<\/div>\n\t\t\t\t<\/div>\n\t\t<div data-particle_enable=\"false\" data-particle-mobile-disabled=\"false\" class=\"elementor-element elementor-element-827ad35 e-flex e-con-boxed e-con e-child\" data-id=\"827ad35\" data-element_type=\"container\">\n\t\t\t\t\t<div class=\"e-con-inner\">\n\t\t\t\t<div class=\"elementor-element elementor-element-772afcd elementor-widget elementor-widget-image\" data-id=\"772afcd\" data-element_type=\"widget\" data-widget_type=\"image.default\">\n\t\t\t\t<div class=\"elementor-widget-container\">\n\t\t\t<style>\/*! elementor - v3.23.0 - 23-07-2024 *\/\n.elementor-widget-image{text-align:center}.elementor-widget-image a{display:inline-block}.elementor-widget-image a img[src$=\".svg\"]{width:48px}.elementor-widget-image img{vertical-align:middle;display:inline-block}<\/style>\t\t\t\t\t\t\t\t\t\t<img fetchpriority=\"high\" decoding=\"async\" width=\"300\" height=\"300\" src=\"https:\/\/campservice.pl\/wp-content\/uploads\/2024\/04\/unnamed-42.jpg\" class=\"attachment-large size-large wp-image-2749\" alt=\"\" srcset=\"https:\/\/campservice.pl\/wp-content\/uploads\/2024\/04\/unnamed-42.jpg 300w, https:\/\/campservice.pl\/wp-content\/uploads\/2024\/04\/unnamed-42-150x150.jpg 150w, https:\/\/campservice.pl\/wp-content\/uploads\/2024\/04\/unnamed-42-12x12.jpg 12w, https:\/\/campservice.pl\/wp-content\/uploads\/2024\/04\/unnamed-42-90x90.jpg 90w, https:\/\/campservice.pl\/wp-content\/uploads\/2024\/04\/unnamed-42-77x77.jpg 77w\" sizes=\"(max-width: 300px) 100vw, 300px\" \/>\t\t\t\t\t\t\t\t\t\t\t\t\t<\/div>\n\t\t\t\t<\/div>\n\t\t\t\t\t<\/div>\n\t\t\t\t<\/div>\n\t\t\t\t\t<\/div>\n\t\t\t\t<\/div>\n\t\t<div data-particle_enable=\"false\" data-particle-mobile-disabled=\"false\" class=\"elementor-element elementor-element-369b395 e-flex e-con-boxed e-con e-child\" data-id=\"369b395\" data-element_type=\"container\">\n\t\t\t\t\t<div class=\"e-con-inner\">\n\t\t<div data-particle_enable=\"false\" data-particle-mobile-disabled=\"false\" class=\"elementor-element elementor-element-8313ae6 e-flex e-con-boxed e-con e-child\" data-id=\"8313ae6\" data-element_type=\"container\">\n\t\t\t\t\t<div class=\"e-con-inner\">\n\t\t\t\t<div class=\"elementor-element elementor-element-194b7b9 elementor-widget elementor-widget-image\" data-id=\"194b7b9\" data-element_type=\"widget\" data-widget_type=\"image.default\">\n\t\t\t\t<div class=\"elementor-widget-container\">\n\t\t\t\t\t\t\t\t\t\t\t\t\t<img decoding=\"async\" width=\"525\" height=\"375\" src=\"https:\/\/campservice.pl\/wp-content\/uploads\/2024\/04\/unnamed-46.jpg\" class=\"attachment-large size-large wp-image-2744\" alt=\"\" srcset=\"https:\/\/campservice.pl\/wp-content\/uploads\/2024\/04\/unnamed-46.jpg 560w, https:\/\/campservice.pl\/wp-content\/uploads\/2024\/04\/unnamed-46-300x214.jpg 300w, https:\/\/campservice.pl\/wp-content\/uploads\/2024\/04\/unnamed-46-18x12.jpg 18w\" sizes=\"(max-width: 525px) 100vw, 525px\" \/>\t\t\t\t\t\t\t\t\t\t\t\t\t<\/div>\n\t\t\t\t<\/div>\n\t\t\t\t\t<\/div>\n\t\t\t\t<\/div>\n\t\t<div data-particle_enable=\"false\" data-particle-mobile-disabled=\"false\" class=\"elementor-element elementor-element-125fef1 e-flex e-con-boxed e-con e-child\" data-id=\"125fef1\" data-element_type=\"container\">\n\t\t\t\t\t<div class=\"e-con-inner\">\n\t\t<div data-particle_enable=\"false\" data-particle-mobile-disabled=\"false\" class=\"elementor-element elementor-element-e756b98 e-flex e-con-boxed e-con e-child\" data-id=\"e756b98\" data-element_type=\"container\">\n\t\t\t\t\t<div class=\"e-con-inner\">\n\t\t\t\t<div class=\"elementor-element elementor-element-56020b4 elementor-widget elementor-widget-text-editor\" data-id=\"56020b4\" data-element_type=\"widget\" data-widget_type=\"text-editor.default\">\n\t\t\t\t<div class=\"elementor-widget-container\">\n\t\t\t\t\t\t\t<strong>Installation of air suspensions for campervans, vans, buses, auto-rickshaws and specialised vehicles.<\/strong>\t\t\t\t\t\t<\/div>\n\t\t\t\t<\/div>\n\t\t\t\t\t<\/div>\n\t\t\t\t<\/div>\n\t\t\t\t\t<\/div>\n\t\t\t\t<\/div>\n\t\t\t\t\t<\/div>\n\t\t\t\t<\/div>\n\t\t\t\t\t<\/div>\n\t\t\t\t<\/div>\n\t\t<div data-particle_enable=\"false\" data-particle-mobile-disabled=\"false\" class=\"elementor-element elementor-element-da1bffc e-flex e-con-boxed e-con e-parent\" data-id=\"da1bffc\" data-element_type=\"container\" data-settings=\"{&quot;background_background&quot;:&quot;classic&quot;}\">\n\t\t\t\t\t<div class=\"e-con-inner\">\n\t\t<div data-particle_enable=\"false\" data-particle-mobile-disabled=\"false\" class=\"elementor-element elementor-element-55b95d5 e-con-full e-flex e-con e-child\" data-id=\"55b95d5\" data-element_type=\"container\">\n\t\t\t\t<div class=\"elementor-element elementor-element-3ef766b elementor-widget elementor-widget-heading\" data-id=\"3ef766b\" data-element_type=\"widget\" data-widget_type=\"heading.default\">\n\t\t\t\t<div class=\"elementor-widget-container\">\n\t\t\t<h1 class=\"elementor-heading-title elementor-size-default\">WHY US?<\/h1>\t\t<\/div>\n\t\t\t\t<\/div>\n\t\t\t\t<div class=\"elementor-element elementor-element-7d1ef5a elementor-icon-list--layout-traditional elementor-list-item-link-full_width elementor-widget elementor-widget-icon-list\" data-id=\"7d1ef5a\" data-element_type=\"widget\" data-widget_type=\"icon-list.default\">\n\t\t\t\t<div class=\"elementor-widget-container\">\n\t\t\t<link rel=\"stylesheet\" href=\"https:\/\/campservice.pl\/wp-content\/plugins\/elementor\/assets\/css\/widget-icon-list.min.css\">\t\t<ul class=\"elementor-icon-list-items\">\n\t\t\t\t\t\t\t<li class=\"elementor-icon-list-item\">\n\t\t\t\t\t\t\t\t\t\t\t<span class=\"elementor-icon-list-icon\">\n\t\t\t\t\t\t\t<svg aria-hidden=\"true\" class=\"e-font-icon-svg e-fas-check\" viewbox=\"0 0 512 512\" xmlns=\"http:\/\/www.w3.org\/2000\/svg\"><path d=\"M173.898 439.404l-166.4-166.4c-9.997-9.997-9.997-26.206 0-36.204l36.203-36.204c9.997-9.998 26.207-9.998 36.204 0L192 312.69 432.095 72.596c9.997-9.997 26.207-9.997 36.204 0l36.203 36.204c9.997 9.997 9.997 26.206 0 36.204l-294.4 294.401c-9.998 9.997-26.207 9.997-36.204-.001z\"><\/path><\/svg>\t\t\t\t\t\t<\/span>\n\t\t\t\t\t\t\t\t\t\t<span class=\"elementor-icon-list-text\">An experienced team of specialists headed by Michael \ud83d\ude09 with a passion for repairing and upgrading campervans and caravans.<\/span>\n\t\t\t\t\t\t\t\t\t<\/li>\n\t\t\t\t\t\t\t\t<li class=\"elementor-icon-list-item\">\n\t\t\t\t\t\t\t\t\t\t\t<span class=\"elementor-icon-list-icon\">\n\t\t\t\t\t\t\t<svg aria-hidden=\"true\" class=\"e-font-icon-svg e-fas-check\" viewbox=\"0 0 512 512\" xmlns=\"http:\/\/www.w3.org\/2000\/svg\"><path d=\"M173.898 439.404l-166.4-166.4c-9.997-9.997-9.997-26.206 0-36.204l36.203-36.204c9.997-9.998 26.207-9.998 36.204 0L192 312.69 432.095 72.596c9.997-9.997 26.207-9.997 36.204 0l36.203 36.204c9.997 9.997 9.997 26.206 0 36.204l-294.4 294.401c-9.998 9.997-26.207 9.997-36.204-.001z\"><\/path><\/svg>\t\t\t\t\t\t<\/span>\n\t\t\t\t\t\t\t\t\t\t<span class=\"elementor-icon-list-text\">Attention to detail and high quality service delivery.<\/span>\n\t\t\t\t\t\t\t\t\t<\/li>\n\t\t\t\t\t\t\t\t<li class=\"elementor-icon-list-item\">\n\t\t\t\t\t\t\t\t\t\t\t<span class=\"elementor-icon-list-icon\">\n\t\t\t\t\t\t\t<svg aria-hidden=\"true\" class=\"e-font-icon-svg e-fas-check\" viewbox=\"0 0 512 512\" xmlns=\"http:\/\/www.w3.org\/2000\/svg\"><path d=\"M173.898 439.404l-166.4-166.4c-9.997-9.997-9.997-26.206 0-36.204l36.203-36.204c9.997-9.998 26.207-9.998 36.204 0L192 312.69 432.095 72.596c9.997-9.997 26.207-9.997 36.204 0l36.203 36.204c9.997 9.997 9.997 26.206 0 36.204l-294.4 294.401c-9.998 9.997-26.207 9.997-36.204-.001z\"><\/path><\/svg>\t\t\t\t\t\t<\/span>\n\t\t\t\t\t\t\t\t\t\t<span class=\"elementor-icon-list-text\">An individual approach to each client, taking into account their needs and expectations.<\/span>\n\t\t\t\t\t\t\t\t\t<\/li>\n\t\t\t\t\t\t\t\t<li class=\"elementor-icon-list-item\">\n\t\t\t\t\t\t\t\t\t\t\t<span class=\"elementor-icon-list-icon\">\n\t\t\t\t\t\t\t<svg aria-hidden=\"true\" class=\"e-font-icon-svg e-fas-check\" viewbox=\"0 0 512 512\" xmlns=\"http:\/\/www.w3.org\/2000\/svg\"><path d=\"M173.898 439.404l-166.4-166.4c-9.997-9.997-9.997-26.206 0-36.204l36.203-36.204c9.997-9.998 26.207-9.998 36.204 0L192 312.69 432.095 72.596c9.997-9.997 26.207-9.997 36.204 0l36.203 36.204c9.997 9.997 9.997 26.206 0 36.204l-294.4 294.401c-9.998 9.997-26.207 9.997-36.204-.001z\"><\/path><\/svg>\t\t\t\t\t\t<\/span>\n\t\t\t\t\t\t\t\t\t\t<span class=\"elementor-icon-list-text\">Timeliness and an honest approach to the cost and time of repairs.<\/span>\n\t\t\t\t\t\t\t\t\t<\/li>\n\t\t\t\t\t\t<\/ul>\n\t\t\t\t<\/div>\n\t\t\t\t<\/div>\n\t\t\t\t<\/div>\n\t\t\t\t\t<\/div>\n\t\t\t\t<\/div>\n\t\t<div data-particle_enable=\"false\" data-particle-mobile-disabled=\"false\" class=\"elementor-element elementor-element-72159f2 e-flex e-con-boxed e-con e-parent\" data-id=\"72159f2\" data-element_type=\"container\">\n\t\t\t\t\t<div class=\"e-con-inner\">\n\t\t\t\t<div class=\"elementor-element elementor-element-594cda7 elementor-widget elementor-widget-heading\" data-id=\"594cda7\" data-element_type=\"widget\" data-widget_type=\"heading.default\">\n\t\t\t\t<div class=\"elementor-widget-container\">\n\t\t\t<h1 class=\"elementor-heading-title elementor-size-default\">Don't delay!<\/h1>\t\t<\/div>\n\t\t\t\t<\/div>\n\t\t\t\t<div class=\"elementor-element elementor-element-33f5d3d elementor-widget elementor-widget-text-editor\" data-id=\"33f5d3d\" data-element_type=\"widget\" data-widget_type=\"text-editor.default\">\n\t\t\t\t<div class=\"elementor-widget-container\">\n\t\t\t\t\t\t\t<h3>Let us take care of your campervan or caravan.<br \/>We will provide you with peaceful journeys and unforgettable adventures.<\/h3><h5><strong>Contact us today to arrange a professional service!<\/strong><\/h5>\t\t\t\t\t\t<\/div>\n\t\t\t\t<\/div>\n\t\t\t\t\t<\/div>\n\t\t\t\t<\/div>\n\t\t\t\t<\/div>","protected":false},"excerpt":{"rendered":"<p>LEVELING SYSTEMS AND PNEUMATIC SUSPENSIONS Professional installation of hydraulic levelling systems and air suspensions for motorhomes Fully automatic MA-VE levelling systems for your motorhome. The MA-VE system levels, stabilises and secures your vehicle in less than 2 minutes. Four hydraulic jacks are locked into position, ensuring that all equipment in the vehicle functions correctly. Operated by [...].<\/p>","protected":false},"author":4,"featured_media":0,"parent":0,"menu_order":0,"comment_status":"closed","ping_status":"closed","template":"tpl-default-elementor.php","meta":{"footnotes":""},"yoast_head":"<!-- This site is optimized with the Yoast SEO plugin v23.1 - https:\/\/yoast.com\/wordpress\/plugins\/seo\/ -->\n<title>Zawieszenia Pneumatyczne i Hydrauliczne | CampService<\/title>\n<meta name=\"description\" content=\"Profesjonalny monta\u017c i serwis zawiesze\u0144 pneumatycznych i hydraulicznych dla kamper\u00f3w. Popraw komfort i bezpiecze\u0144stwo jazdy z CampService.\" \/>\n<meta name=\"robots\" content=\"index, follow, max-snippet:-1, max-image-preview:large, max-video-preview:-1\" \/>\n<link rel=\"canonical\" href=\"https:\/\/campservice.pl\/en\/zawieszenia-pneumatyczne-i-hydrauliczne\/\" \/>\n<meta property=\"og:locale\" content=\"en_GB\" \/>\n<meta property=\"og:type\" content=\"article\" \/>\n<meta property=\"og:title\" content=\"Zawieszenia Pneumatyczne i Hydrauliczne | CampService\" \/>\n<meta property=\"og:description\" content=\"Profesjonalny monta\u017c i serwis zawiesze\u0144 pneumatycznych i hydraulicznych dla kamper\u00f3w. Popraw komfort i bezpiecze\u0144stwo jazdy z CampService.\" \/>\n<meta property=\"og:url\" content=\"https:\/\/campservice.pl\/en\/zawieszenia-pneumatyczne-i-hydrauliczne\/\" \/>\n<meta property=\"og:site_name\" content=\"CampService\" \/>\n<meta property=\"article:publisher\" content=\"https:\/\/www.facebook.com\/campservicepila\" \/>\n<meta property=\"article:modified_time\" content=\"2025-09-02T15:02:25+00:00\" \/>\n<meta property=\"og:image\" content=\"https:\/\/campservice.pl\/wp-content\/uploads\/2024\/04\/unnamed-42.jpg\" \/>\n<meta name=\"twitter:card\" content=\"summary_large_image\" \/>\n<meta name=\"twitter:label1\" content=\"Estimated reading time\" \/>\n\t<meta name=\"twitter:data1\" content=\"2 minutes\" \/>\n<script type=\"application\/ld+json\" class=\"yoast-schema-graph\">{\"@context\":\"https:\/\/schema.org\",\"@graph\":[{\"@type\":\"WebPage\",\"@id\":\"https:\/\/campservice.pl\/zawieszenia-pneumatyczne-i-hydrauliczne\/\",\"url\":\"https:\/\/campservice.pl\/zawieszenia-pneumatyczne-i-hydrauliczne\/\",\"name\":\"Zawieszenia Pneumatyczne i Hydrauliczne | CampService\",\"isPartOf\":{\"@id\":\"https:\/\/campservice.pl\/#website\"},\"primaryImageOfPage\":{\"@id\":\"https:\/\/campservice.pl\/zawieszenia-pneumatyczne-i-hydrauliczne\/#primaryimage\"},\"image\":{\"@id\":\"https:\/\/campservice.pl\/zawieszenia-pneumatyczne-i-hydrauliczne\/#primaryimage\"},\"thumbnailUrl\":\"https:\/\/campservice.pl\/wp-content\/uploads\/2024\/04\/unnamed-42.jpg\",\"datePublished\":\"2024-04-12T11:46:21+00:00\",\"dateModified\":\"2025-09-02T15:02:25+00:00\",\"description\":\"Profesjonalny monta\u017c i serwis zawiesze\u0144 pneumatycznych i hydraulicznych dla kamper\u00f3w. Popraw komfort i bezpiecze\u0144stwo jazdy z CampService.\",\"breadcrumb\":{\"@id\":\"https:\/\/campservice.pl\/zawieszenia-pneumatyczne-i-hydrauliczne\/#breadcrumb\"},\"inLanguage\":\"en-GB\",\"potentialAction\":[{\"@type\":\"ReadAction\",\"target\":[\"https:\/\/campservice.pl\/zawieszenia-pneumatyczne-i-hydrauliczne\/\"]}]},{\"@type\":\"ImageObject\",\"inLanguage\":\"en-GB\",\"@id\":\"https:\/\/campservice.pl\/zawieszenia-pneumatyczne-i-hydrauliczne\/#primaryimage\",\"url\":\"https:\/\/campservice.pl\/wp-content\/uploads\/2024\/04\/unnamed-42.jpg\",\"contentUrl\":\"https:\/\/campservice.pl\/wp-content\/uploads\/2024\/04\/unnamed-42.jpg\"},{\"@type\":\"BreadcrumbList\",\"@id\":\"https:\/\/campservice.pl\/zawieszenia-pneumatyczne-i-hydrauliczne\/#breadcrumb\",\"itemListElement\":[{\"@type\":\"ListItem\",\"position\":1,\"name\":\"Strona g\u0142\u00f3wna\",\"item\":\"https:\/\/campservice.pl\/\"},{\"@type\":\"ListItem\",\"position\":2,\"name\":\"Zawieszenia pneumatyczne i hydrauliczne\"}]},{\"@type\":\"WebSite\",\"@id\":\"https:\/\/campservice.pl\/#website\",\"url\":\"https:\/\/campservice.pl\/\",\"name\":\"CampService\",\"description\":\"Profesjonalny serwis kamper\u00f3w i przyczep kempingowych\",\"publisher\":{\"@id\":\"https:\/\/campservice.pl\/#organization\"},\"potentialAction\":[{\"@type\":\"SearchAction\",\"target\":{\"@type\":\"EntryPoint\",\"urlTemplate\":\"https:\/\/campservice.pl\/?s={search_term_string}\"},\"query-input\":\"required name=search_term_string\"}],\"inLanguage\":\"en-GB\"},{\"@type\":\"Organization\",\"@id\":\"https:\/\/campservice.pl\/#organization\",\"name\":\"CampService\",\"url\":\"https:\/\/campservice.pl\/\",\"logo\":{\"@type\":\"ImageObject\",\"inLanguage\":\"en-GB\",\"@id\":\"https:\/\/campservice.pl\/#\/schema\/logo\/image\/\",\"url\":\"https:\/\/campservice.pl\/wp-content\/uploads\/2024\/03\/logo_camp-kopia.png\",\"contentUrl\":\"https:\/\/campservice.pl\/wp-content\/uploads\/2024\/03\/logo_camp-kopia.png\",\"width\":139,\"height\":68,\"caption\":\"CampService\"},\"image\":{\"@id\":\"https:\/\/campservice.pl\/#\/schema\/logo\/image\/\"},\"sameAs\":[\"https:\/\/www.facebook.com\/campservicepila\",\"https:\/\/www.instagram.com\/campservicepila\/\",\"https:\/\/www.youtube.com\/channel\/UChmaSgRFt0Hmcd3M3g6YWmA\"]}]}<\/script>\n<!-- \/ Yoast SEO plugin. -->","yoast_head_json":{"title":"Zawieszenia Pneumatyczne i Hydrauliczne | CampService","description":"Profesjonalny monta\u017c i serwis zawiesze\u0144 pneumatycznych i hydraulicznych dla kamper\u00f3w. Popraw komfort i bezpiecze\u0144stwo jazdy z CampService.","robots":{"index":"index","follow":"follow","max-snippet":"max-snippet:-1","max-image-preview":"max-image-preview:large","max-video-preview":"max-video-preview:-1"},"canonical":"https:\/\/campservice.pl\/en\/zawieszenia-pneumatyczne-i-hydrauliczne\/","og_locale":"en_GB","og_type":"article","og_title":"Zawieszenia Pneumatyczne i Hydrauliczne | CampService","og_description":"Profesjonalny monta\u017c i serwis zawiesze\u0144 pneumatycznych i hydraulicznych dla kamper\u00f3w. Popraw komfort i bezpiecze\u0144stwo jazdy z CampService.","og_url":"https:\/\/campservice.pl\/en\/zawieszenia-pneumatyczne-i-hydrauliczne\/","og_site_name":"CampService","article_publisher":"https:\/\/www.facebook.com\/campservicepila","article_modified_time":"2025-09-02T15:02:25+00:00","og_image":[{"url":"https:\/\/campservice.pl\/wp-content\/uploads\/2024\/04\/unnamed-42.jpg"}],"twitter_card":"summary_large_image","twitter_misc":{"Estimated reading time":"2 minutes"},"schema":{"@context":"https:\/\/schema.org","@graph":[{"@type":"WebPage","@id":"https:\/\/campservice.pl\/zawieszenia-pneumatyczne-i-hydrauliczne\/","url":"https:\/\/campservice.pl\/zawieszenia-pneumatyczne-i-hydrauliczne\/","name":"Zawieszenia Pneumatyczne i Hydrauliczne | CampService","isPartOf":{"@id":"https:\/\/campservice.pl\/#website"},"primaryImageOfPage":{"@id":"https:\/\/campservice.pl\/zawieszenia-pneumatyczne-i-hydrauliczne\/#primaryimage"},"image":{"@id":"https:\/\/campservice.pl\/zawieszenia-pneumatyczne-i-hydrauliczne\/#primaryimage"},"thumbnailUrl":"https:\/\/campservice.pl\/wp-content\/uploads\/2024\/04\/unnamed-42.jpg","datePublished":"2024-04-12T11:46:21+00:00","dateModified":"2025-09-02T15:02:25+00:00","description":"Profesjonalny monta\u017c i serwis zawiesze\u0144 pneumatycznych i hydraulicznych dla kamper\u00f3w. Popraw komfort i bezpiecze\u0144stwo jazdy z CampService.","breadcrumb":{"@id":"https:\/\/campservice.pl\/zawieszenia-pneumatyczne-i-hydrauliczne\/#breadcrumb"},"inLanguage":"en-GB","potentialAction":[{"@type":"ReadAction","target":["https:\/\/campservice.pl\/zawieszenia-pneumatyczne-i-hydrauliczne\/"]}]},{"@type":"ImageObject","inLanguage":"en-GB","@id":"https:\/\/campservice.pl\/zawieszenia-pneumatyczne-i-hydrauliczne\/#primaryimage","url":"https:\/\/campservice.pl\/wp-content\/uploads\/2024\/04\/unnamed-42.jpg","contentUrl":"https:\/\/campservice.pl\/wp-content\/uploads\/2024\/04\/unnamed-42.jpg"},{"@type":"BreadcrumbList","@id":"https:\/\/campservice.pl\/zawieszenia-pneumatyczne-i-hydrauliczne\/#breadcrumb","itemListElement":[{"@type":"ListItem","position":1,"name":"Strona g\u0142\u00f3wna","item":"https:\/\/campservice.pl\/"},{"@type":"ListItem","position":2,"name":"Zawieszenia pneumatyczne i hydrauliczne"}]},{"@type":"WebSite","@id":"https:\/\/campservice.pl\/#website","url":"https:\/\/campservice.pl\/","name":"CampService","description":"Professional service for campers and caravans","publisher":{"@id":"https:\/\/campservice.pl\/#organization"},"potentialAction":[{"@type":"SearchAction","target":{"@type":"EntryPoint","urlTemplate":"https:\/\/campservice.pl\/?s={search_term_string}"},"query-input":"required name=search_term_string"}],"inLanguage":"en-GB"},{"@type":"Organization","@id":"https:\/\/campservice.pl\/#organization","name":"CampService","url":"https:\/\/campservice.pl\/","logo":{"@type":"ImageObject","inLanguage":"en-GB","@id":"https:\/\/campservice.pl\/#\/schema\/logo\/image\/","url":"https:\/\/campservice.pl\/wp-content\/uploads\/2024\/03\/logo_camp-kopia.png","contentUrl":"https:\/\/campservice.pl\/wp-content\/uploads\/2024\/03\/logo_camp-kopia.png","width":139,"height":68,"caption":"CampService"},"image":{"@id":"https:\/\/campservice.pl\/#\/schema\/logo\/image\/"},"sameAs":["https:\/\/www.facebook.com\/campservicepila","https:\/\/www.instagram.com\/campservicepila\/","https:\/\/www.youtube.com\/channel\/UChmaSgRFt0Hmcd3M3g6YWmA"]}]}},"_links":{"self":[{"href":"https:\/\/campservice.pl\/en\/wp-json\/wp\/v2\/pages\/2675"}],"collection":[{"href":"https:\/\/campservice.pl\/en\/wp-json\/wp\/v2\/pages"}],"about":[{"href":"https:\/\/campservice.pl\/en\/wp-json\/wp\/v2\/types\/page"}],"author":[{"embeddable":true,"href":"https:\/\/campservice.pl\/en\/wp-json\/wp\/v2\/users\/4"}],"replies":[{"embeddable":true,"href":"https:\/\/campservice.pl\/en\/wp-json\/wp\/v2\/comments?post=2675"}],"version-history":[{"count":22,"href":"https:\/\/campservice.pl\/en\/wp-json\/wp\/v2\/pages\/2675\/revisions"}],"predecessor-version":[{"id":3579,"href":"https:\/\/campservice.pl\/en\/wp-json\/wp\/v2\/pages\/2675\/revisions\/3579"}],"wp:attachment":[{"href":"https:\/\/campservice.pl\/en\/wp-json\/wp\/v2\/media?parent=2675"}],"curies":[{"name":"wp","href":"https:\/\/api.w.org\/{rel}","templated":true}]}}