{"id":2266,"date":"2024-03-29T10:53:03","date_gmt":"2024-03-29T09:53:03","guid":{"rendered":"https:\/\/campservice.pl\/?page_id=2266"},"modified":"2025-09-02T16:00:04","modified_gmt":"2025-09-02T15:00:04","slug":"instalacje-solarne","status":"publish","type":"page","link":"https:\/\/campservice.pl\/en\/instalacje-solarne\/","title":{"rendered":"Solar installations"},"content":{"rendered":"<div data-elementor-type=\"wp-page\" data-elementor-id=\"2266\" class=\"elementor elementor-2266\">\n\t\t\t\t<div data-particle_enable=\"false\" data-particle-mobile-disabled=\"false\" class=\"elementor-element elementor-element-f548c6a e-con-full e-flex e-con e-parent\" data-id=\"f548c6a\" data-element_type=\"container\" data-settings=\"{&quot;background_background&quot;:&quot;classic&quot;}\">\n\t\t\t\t<\/div>\n\t\t<div data-particle_enable=\"false\" data-particle-mobile-disabled=\"false\" class=\"elementor-element elementor-element-63a64bd e-flex e-con-boxed elementor-invisible e-con e-parent\" data-id=\"63a64bd\" data-element_type=\"container\" data-settings=\"{&quot;animation&quot;:&quot;fadeIn&quot;,&quot;animation_delay&quot;:155}\">\n\t\t\t\t\t<div class=\"e-con-inner\">\n\t\t\t\t<div class=\"elementor-element elementor-element-9a45900 elementor-widget elementor-widget-heading\" data-id=\"9a45900\" data-element_type=\"widget\" data-widget_type=\"heading.default\">\n\t\t\t\t<div class=\"elementor-widget-container\">\n\t\t\t<style>\/*! elementor - v3.23.0 - 23-07-2024 *\/\n.elementor-heading-title{padding:0;margin:0;line-height:1}.elementor-widget-heading .elementor-heading-title[class*=elementor-size-]>a{color:inherit;font-size:inherit;line-height:inherit}.elementor-widget-heading .elementor-heading-title.elementor-size-small{font-size:15px}.elementor-widget-heading .elementor-heading-title.elementor-size-medium{font-size:19px}.elementor-widget-heading .elementor-heading-title.elementor-size-large{font-size:29px}.elementor-widget-heading .elementor-heading-title.elementor-size-xl{font-size:39px}.elementor-widget-heading .elementor-heading-title.elementor-size-xxl{font-size:59px}<\/style><h2 class=\"elementor-heading-title elementor-size-default\">Offer<\/h2>\t\t<\/div>\n\t\t\t\t<\/div>\n\t\t\t\t<div class=\"elementor-element elementor-element-797e6b3 elementor-widget elementor-widget-heading\" data-id=\"797e6b3\" data-element_type=\"widget\" data-widget_type=\"heading.default\">\n\t\t\t\t<div class=\"elementor-widget-container\">\n\t\t\t<h1 class=\"elementor-heading-title elementor-size-default\">SOLAR INSTALLATIONS<\/h1>\t\t<\/div>\n\t\t\t\t<\/div>\n\t\t<div data-particle_enable=\"false\" data-particle-mobile-disabled=\"false\" class=\"elementor-element elementor-element-bddccfc e-flex e-con-boxed e-con e-child\" data-id=\"bddccfc\" data-element_type=\"container\">\n\t\t\t\t\t<div class=\"e-con-inner\">\n\t\t<div data-particle_enable=\"false\" data-particle-mobile-disabled=\"false\" class=\"elementor-element elementor-element-81191e1 e-flex e-con-boxed e-con e-child\" data-id=\"81191e1\" data-element_type=\"container\">\n\t\t\t\t\t<div class=\"e-con-inner\">\n\t\t<div data-particle_enable=\"false\" data-particle-mobile-disabled=\"false\" class=\"elementor-element elementor-element-4a3fe97 e-flex e-con-boxed e-con e-child\" data-id=\"4a3fe97\" data-element_type=\"container\">\n\t\t\t\t\t<div class=\"e-con-inner\">\n\t\t\t\t<div class=\"elementor-element elementor-element-169d469 elementor-widget elementor-widget-text-editor\" data-id=\"169d469\" data-element_type=\"widget\" data-widget_type=\"text-editor.default\">\n\t\t\t\t<div class=\"elementor-widget-container\">\n\t\t\t<style>\/*! elementor - v3.23.0 - 23-07-2024 *\/\n.elementor-widget-text-editor.elementor-drop-cap-view-stacked .elementor-drop-cap{background-color:#69727d;color:#fff}.elementor-widget-text-editor.elementor-drop-cap-view-framed .elementor-drop-cap{color:#69727d;border:3px solid;background-color:transparent}.elementor-widget-text-editor:not(.elementor-drop-cap-view-default) .elementor-drop-cap{margin-top:8px}.elementor-widget-text-editor:not(.elementor-drop-cap-view-default) .elementor-drop-cap-letter{width:1em;height:1em}.elementor-widget-text-editor .elementor-drop-cap{float:left;text-align:center;line-height:1;font-size:50px}.elementor-widget-text-editor .elementor-drop-cap-letter{display:inline-block}<\/style>\t\t\t\t<p><strong>Professional installation of solar thermal systems.<\/strong><\/p>\t\t\t\t\t\t<\/div>\n\t\t\t\t<\/div>\n\t\t\t\t<div class=\"elementor-element elementor-element-ed00196 elementor-icon-list--layout-traditional elementor-list-item-link-full_width elementor-widget elementor-widget-icon-list\" data-id=\"ed00196\" data-element_type=\"widget\" data-widget_type=\"icon-list.default\">\n\t\t\t\t<div class=\"elementor-widget-container\">\n\t\t\t<link rel=\"stylesheet\" href=\"https:\/\/campservice.pl\/wp-content\/plugins\/elementor\/assets\/css\/widget-icon-list.min.css\">\t\t<ul class=\"elementor-icon-list-items\">\n\t\t\t\t\t\t\t<li class=\"elementor-icon-list-item\">\n\t\t\t\t\t\t\t\t\t\t\t<span class=\"elementor-icon-list-icon\">\n\t\t\t\t\t\t\t<svg aria-hidden=\"true\" class=\"e-font-icon-svg e-fas-check\" viewbox=\"0 0 512 512\" xmlns=\"http:\/\/www.w3.org\/2000\/svg\"><path d=\"M173.898 439.404l-166.4-166.4c-9.997-9.997-9.997-26.206 0-36.204l36.203-36.204c9.997-9.998 26.207-9.998 36.204 0L192 312.69 432.095 72.596c9.997-9.997 26.207-9.997 36.204 0l36.203 36.204c9.997 9.997 9.997 26.206 0 36.204l-294.4 294.401c-9.998 9.997-26.207 9.997-36.204-.001z\"><\/path><\/svg>\t\t\t\t\t\t<\/span>\n\t\t\t\t\t\t\t\t\t\t<span class=\"elementor-icon-list-text\">panels<\/span>\n\t\t\t\t\t\t\t\t\t<\/li>\n\t\t\t\t\t\t\t\t<li class=\"elementor-icon-list-item\">\n\t\t\t\t\t\t\t\t\t\t\t<span class=\"elementor-icon-list-icon\">\n\t\t\t\t\t\t\t<svg aria-hidden=\"true\" class=\"e-font-icon-svg e-fas-check\" viewbox=\"0 0 512 512\" xmlns=\"http:\/\/www.w3.org\/2000\/svg\"><path d=\"M173.898 439.404l-166.4-166.4c-9.997-9.997-9.997-26.206 0-36.204l36.203-36.204c9.997-9.998 26.207-9.998 36.204 0L192 312.69 432.095 72.596c9.997-9.997 26.207-9.997 36.204 0l36.203 36.204c9.997 9.997 9.997 26.206 0 36.204l-294.4 294.401c-9.998 9.997-26.207 9.997-36.204-.001z\"><\/path><\/svg>\t\t\t\t\t\t<\/span>\n\t\t\t\t\t\t\t\t\t\t<span class=\"elementor-icon-list-text\">controllers<\/span>\n\t\t\t\t\t\t\t\t\t<\/li>\n\t\t\t\t\t\t\t\t<li class=\"elementor-icon-list-item\">\n\t\t\t\t\t\t\t\t\t\t\t<span class=\"elementor-icon-list-icon\">\n\t\t\t\t\t\t\t<svg aria-hidden=\"true\" class=\"e-font-icon-svg e-fas-check\" viewbox=\"0 0 512 512\" xmlns=\"http:\/\/www.w3.org\/2000\/svg\"><path d=\"M173.898 439.404l-166.4-166.4c-9.997-9.997-9.997-26.206 0-36.204l36.203-36.204c9.997-9.998 26.207-9.998 36.204 0L192 312.69 432.095 72.596c9.997-9.997 26.207-9.997 36.204 0l36.203 36.204c9.997 9.997 9.997 26.206 0 36.204l-294.4 294.401c-9.998 9.997-26.207 9.997-36.204-.001z\"><\/path><\/svg>\t\t\t\t\t\t<\/span>\n\t\t\t\t\t\t\t\t\t\t<span class=\"elementor-icon-list-text\">batteries<\/span>\n\t\t\t\t\t\t\t\t\t<\/li>\n\t\t\t\t\t\t\t\t<li class=\"elementor-icon-list-item\">\n\t\t\t\t\t\t\t\t\t\t\t<span class=\"elementor-icon-list-icon\">\n\t\t\t\t\t\t\t<svg aria-hidden=\"true\" class=\"e-font-icon-svg e-fas-check\" viewbox=\"0 0 512 512\" xmlns=\"http:\/\/www.w3.org\/2000\/svg\"><path d=\"M173.898 439.404l-166.4-166.4c-9.997-9.997-9.997-26.206 0-36.204l36.203-36.204c9.997-9.998 26.207-9.998 36.204 0L192 312.69 432.095 72.596c9.997-9.997 26.207-9.997 36.204 0l36.203 36.204c9.997 9.997 9.997 26.206 0 36.204l-294.4 294.401c-9.998 9.997-26.207 9.997-36.204-.001z\"><\/path><\/svg>\t\t\t\t\t\t<\/span>\n\t\t\t\t\t\t\t\t\t\t<span class=\"elementor-icon-list-text\">inverters<\/span>\n\t\t\t\t\t\t\t\t\t<\/li>\n\t\t\t\t\t\t<\/ul>\n\t\t\t\t<\/div>\n\t\t\t\t<\/div>\n\t\t\t\t\t<\/div>\n\t\t\t\t<\/div>\n\t\t\t\t\t<\/div>\n\t\t\t\t<\/div>\n\t\t<div data-particle_enable=\"false\" data-particle-mobile-disabled=\"false\" class=\"elementor-element elementor-element-827ad35 e-flex e-con-boxed e-con e-child\" data-id=\"827ad35\" data-element_type=\"container\">\n\t\t\t\t\t<div class=\"e-con-inner\">\n\t\t\t\t\t<\/div>\n\t\t\t\t<\/div>\n\t\t\t\t\t<\/div>\n\t\t\t\t<\/div>\n\t\t\t\t\t<\/div>\n\t\t\t\t<\/div>\n\t\t<div data-particle_enable=\"false\" data-particle-mobile-disabled=\"false\" class=\"elementor-element elementor-element-27f71f3 e-flex e-con-boxed e-con e-parent\" data-id=\"27f71f3\" data-element_type=\"container\">\n\t\t\t\t\t<div class=\"e-con-inner\">\n\t\t\t\t<div class=\"elementor-element elementor-element-1384a7c elementor-widget elementor-widget-ucaddon_uc_image_default_theme\" data-id=\"1384a7c\" data-element_type=\"widget\" data-widget_type=\"ucaddon_uc_image_default_theme.default\">\n\t\t\t\t<div class=\"elementor-widget-container\">\n\t\t\t<!-- start Thumbnail Gallery -->\n\t\t<link id='unitegallery-css' href='https:\/\/campservice.pl\/wp-content\/plugins\/unlimited-elements-for-elementor-premium\/assets_libraries\/unitegallery\/css\/unite-gallery.css' type='text\/css' rel='stylesheet' >\n\t\t<link id='uc_ac_assets_file_ug_theme_default_css_3038-css' href='https:\/\/campservice.pl\/wp-content\/uploads\/ac_assets\/uc_image_default_theme\/ug-theme-default.css' type='text\/css' rel='stylesheet' >\n\n\n\t\t\t<div id=\"uc_uc_image_default_theme_elementor_1384a7c\" class=\"uc-items-wrapper\" style=\"display:none; margin:0 auto;\"  data-remote-type=\"gallery\" data-custom-sethtml=\"true\" >\n\n\n<img decoding=\"async\" alt=\"20230829_132021\"\n   src=\"https:\/\/campservice.pl\/wp-content\/uploads\/2024\/07\/20230829_132021-768x1024.jpg\"\n    data-image=\"https:\/\/campservice.pl\/wp-content\/uploads\/2024\/07\/20230829_132021-768x1024.jpg\"\n    data-title=\"20230829_132021\"\n    data-description=\"20230829_132021\">\n\n<img decoding=\"async\" alt=\"20230829_132154\"\n   src=\"https:\/\/campservice.pl\/wp-content\/uploads\/2024\/07\/20230829_132154-768x576.jpg\"\n    data-image=\"https:\/\/campservice.pl\/wp-content\/uploads\/2024\/07\/20230829_132154-1024x768.jpg\"\n    data-title=\"20230829_132154\"\n    data-description=\"20230829_132154\">\n\n<img decoding=\"async\" alt=\"20230829_132103\"\n   src=\"https:\/\/campservice.pl\/wp-content\/uploads\/2024\/07\/20230829_132103-768x576.jpg\"\n    data-image=\"https:\/\/campservice.pl\/wp-content\/uploads\/2024\/07\/20230829_132103-1024x768.jpg\"\n    data-title=\"20230829_132103\"\n    data-description=\"20230829_132103\">\n\n<img decoding=\"async\" alt=\"20230829_132210\"\n   src=\"https:\/\/campservice.pl\/wp-content\/uploads\/2024\/07\/20230829_132210-768x576.jpg\"\n    data-image=\"https:\/\/campservice.pl\/wp-content\/uploads\/2024\/07\/20230829_132210-1024x768.jpg\"\n    data-title=\"20230829_132210\"\n    data-description=\"20230829_132210\">\n\n<img decoding=\"async\" alt=\"20240204_141128\"\n   src=\"https:\/\/campservice.pl\/wp-content\/uploads\/2024\/07\/20240204_141128-768x1364.jpg\"\n    data-image=\"https:\/\/campservice.pl\/wp-content\/uploads\/2024\/07\/20240204_141128-577x1024.jpg\"\n    data-title=\"20240204_141128\"\n    data-description=\"20240204_141128\">\n\n<img decoding=\"async\" alt=\"20240328_145206\"\n   src=\"https:\/\/campservice.pl\/wp-content\/uploads\/2024\/07\/20240328_145206-768x432.jpg\"\n    data-image=\"https:\/\/campservice.pl\/wp-content\/uploads\/2024\/07\/20240328_145206-1024x577.jpg\"\n    data-title=\"20240328_145206\"\n    data-description=\"20240328_145206\">\n\n<img decoding=\"async\" alt=\"20240204_141053\"\n   src=\"https:\/\/campservice.pl\/wp-content\/uploads\/2024\/07\/20240204_141053-768x1364.jpg\"\n    data-image=\"https:\/\/campservice.pl\/wp-content\/uploads\/2024\/07\/20240204_141053-577x1024.jpg\"\n    data-title=\"20240204_141053\"\n    data-description=\"20240204_141053\">\n\n  \n<\/div>\n\t\t\t<!-- end Thumbnail Gallery -->\t\t<\/div>\n\t\t\t\t<\/div>\n\t\t\t\t\t<\/div>\n\t\t\t\t<\/div>\n\t\t<div data-particle_enable=\"false\" data-particle-mobile-disabled=\"false\" class=\"elementor-element elementor-element-da1bffc e-flex e-con-boxed e-con e-parent\" data-id=\"da1bffc\" data-element_type=\"container\" data-settings=\"{&quot;background_background&quot;:&quot;classic&quot;}\">\n\t\t\t\t\t<div class=\"e-con-inner\">\n\t\t<div data-particle_enable=\"false\" data-particle-mobile-disabled=\"false\" class=\"elementor-element elementor-element-55b95d5 e-con-full e-flex e-con e-child\" data-id=\"55b95d5\" data-element_type=\"container\">\n\t\t\t\t<div class=\"elementor-element elementor-element-3ef766b elementor-widget elementor-widget-heading\" data-id=\"3ef766b\" data-element_type=\"widget\" data-widget_type=\"heading.default\">\n\t\t\t\t<div class=\"elementor-widget-container\">\n\t\t\t<h1 class=\"elementor-heading-title elementor-size-default\">WHY US?<\/h1>\t\t<\/div>\n\t\t\t\t<\/div>\n\t\t\t\t<div class=\"elementor-element elementor-element-7d1ef5a elementor-icon-list--layout-traditional elementor-list-item-link-full_width elementor-widget elementor-widget-icon-list\" data-id=\"7d1ef5a\" data-element_type=\"widget\" data-widget_type=\"icon-list.default\">\n\t\t\t\t<div class=\"elementor-widget-container\">\n\t\t\t\t\t<ul class=\"elementor-icon-list-items\">\n\t\t\t\t\t\t\t<li class=\"elementor-icon-list-item\">\n\t\t\t\t\t\t\t\t\t\t\t<span class=\"elementor-icon-list-icon\">\n\t\t\t\t\t\t\t<svg aria-hidden=\"true\" class=\"e-font-icon-svg e-fas-check\" viewbox=\"0 0 512 512\" xmlns=\"http:\/\/www.w3.org\/2000\/svg\"><path d=\"M173.898 439.404l-166.4-166.4c-9.997-9.997-9.997-26.206 0-36.204l36.203-36.204c9.997-9.998 26.207-9.998 36.204 0L192 312.69 432.095 72.596c9.997-9.997 26.207-9.997 36.204 0l36.203 36.204c9.997 9.997 9.997 26.206 0 36.204l-294.4 294.401c-9.998 9.997-26.207 9.997-36.204-.001z\"><\/path><\/svg>\t\t\t\t\t\t<\/span>\n\t\t\t\t\t\t\t\t\t\t<span class=\"elementor-icon-list-text\">An experienced team of specialists headed by Michael \ud83d\ude09 with a passion for repairing and upgrading campervans and caravans.<\/span>\n\t\t\t\t\t\t\t\t\t<\/li>\n\t\t\t\t\t\t\t\t<li class=\"elementor-icon-list-item\">\n\t\t\t\t\t\t\t\t\t\t\t<span class=\"elementor-icon-list-icon\">\n\t\t\t\t\t\t\t<svg aria-hidden=\"true\" class=\"e-font-icon-svg e-fas-check\" viewbox=\"0 0 512 512\" xmlns=\"http:\/\/www.w3.org\/2000\/svg\"><path d=\"M173.898 439.404l-166.4-166.4c-9.997-9.997-9.997-26.206 0-36.204l36.203-36.204c9.997-9.998 26.207-9.998 36.204 0L192 312.69 432.095 72.596c9.997-9.997 26.207-9.997 36.204 0l36.203 36.204c9.997 9.997 9.997 26.206 0 36.204l-294.4 294.401c-9.998 9.997-26.207 9.997-36.204-.001z\"><\/path><\/svg>\t\t\t\t\t\t<\/span>\n\t\t\t\t\t\t\t\t\t\t<span class=\"elementor-icon-list-text\">Attention to detail and high quality service delivery.<\/span>\n\t\t\t\t\t\t\t\t\t<\/li>\n\t\t\t\t\t\t\t\t<li class=\"elementor-icon-list-item\">\n\t\t\t\t\t\t\t\t\t\t\t<span class=\"elementor-icon-list-icon\">\n\t\t\t\t\t\t\t<svg aria-hidden=\"true\" class=\"e-font-icon-svg e-fas-check\" viewbox=\"0 0 512 512\" xmlns=\"http:\/\/www.w3.org\/2000\/svg\"><path d=\"M173.898 439.404l-166.4-166.4c-9.997-9.997-9.997-26.206 0-36.204l36.203-36.204c9.997-9.998 26.207-9.998 36.204 0L192 312.69 432.095 72.596c9.997-9.997 26.207-9.997 36.204 0l36.203 36.204c9.997 9.997 9.997 26.206 0 36.204l-294.4 294.401c-9.998 9.997-26.207 9.997-36.204-.001z\"><\/path><\/svg>\t\t\t\t\t\t<\/span>\n\t\t\t\t\t\t\t\t\t\t<span class=\"elementor-icon-list-text\">An individual approach to each client, taking into account their needs and expectations.<\/span>\n\t\t\t\t\t\t\t\t\t<\/li>\n\t\t\t\t\t\t\t\t<li class=\"elementor-icon-list-item\">\n\t\t\t\t\t\t\t\t\t\t\t<span class=\"elementor-icon-list-icon\">\n\t\t\t\t\t\t\t<svg aria-hidden=\"true\" class=\"e-font-icon-svg e-fas-check\" viewbox=\"0 0 512 512\" xmlns=\"http:\/\/www.w3.org\/2000\/svg\"><path d=\"M173.898 439.404l-166.4-166.4c-9.997-9.997-9.997-26.206 0-36.204l36.203-36.204c9.997-9.998 26.207-9.998 36.204 0L192 312.69 432.095 72.596c9.997-9.997 26.207-9.997 36.204 0l36.203 36.204c9.997 9.997 9.997 26.206 0 36.204l-294.4 294.401c-9.998 9.997-26.207 9.997-36.204-.001z\"><\/path><\/svg>\t\t\t\t\t\t<\/span>\n\t\t\t\t\t\t\t\t\t\t<span class=\"elementor-icon-list-text\">Timeliness and an honest approach to the cost and time of repairs.<\/span>\n\t\t\t\t\t\t\t\t\t<\/li>\n\t\t\t\t\t\t<\/ul>\n\t\t\t\t<\/div>\n\t\t\t\t<\/div>\n\t\t\t\t<\/div>\n\t\t\t\t\t<\/div>\n\t\t\t\t<\/div>\n\t\t<div data-particle_enable=\"false\" data-particle-mobile-disabled=\"false\" class=\"elementor-element elementor-element-72159f2 e-flex e-con-boxed e-con e-parent\" data-id=\"72159f2\" data-element_type=\"container\">\n\t\t\t\t\t<div class=\"e-con-inner\">\n\t\t\t\t<div class=\"elementor-element elementor-element-594cda7 elementor-widget elementor-widget-heading\" data-id=\"594cda7\" data-element_type=\"widget\" data-widget_type=\"heading.default\">\n\t\t\t\t<div class=\"elementor-widget-container\">\n\t\t\t<h1 class=\"elementor-heading-title elementor-size-default\">Don't delay!<\/h1>\t\t<\/div>\n\t\t\t\t<\/div>\n\t\t\t\t<div class=\"elementor-element elementor-element-33f5d3d elementor-widget elementor-widget-text-editor\" data-id=\"33f5d3d\" data-element_type=\"widget\" data-widget_type=\"text-editor.default\">\n\t\t\t\t<div class=\"elementor-widget-container\">\n\t\t\t\t\t\t\t<h3>Let us take care of your campervan or caravan.<br \/>We will provide you with peaceful journeys and unforgettable adventures.<\/h3><h5><strong>Contact us today to arrange a professional service!<\/strong><\/h5>\t\t\t\t\t\t<\/div>\n\t\t\t\t<\/div>\n\t\t\t\t\t<\/div>\n\t\t\t\t<\/div>\n\t\t\t\t<\/div>","protected":false},"excerpt":{"rendered":"<p>Offer SOLAR INSTALLATIONS Professional installation of solar power systems. panels regulators batteries inverters WHY US? Experienced team of specialists headed by Michael \ud83d\ude09 with a passion for repairing and modernising campervans and caravans. Attention to detail and high quality service. Individual approach to each customer, taking into account their needs and expectations. Punctuality and an honest approach to costs [...].<\/p>","protected":false},"author":4,"featured_media":0,"parent":0,"menu_order":0,"comment_status":"closed","ping_status":"closed","template":"tpl-default-elementor.php","meta":{"footnotes":""},"yoast_head":"<!-- This site is optimized with the Yoast SEO plugin v23.1 - https:\/\/yoast.com\/wordpress\/plugins\/seo\/ -->\n<title>Instalacje Solarne dla Kamper\u00f3w | CampService<\/title>\n<meta name=\"description\" content=\"Ekologiczne i wydajne instalacje solarne dla kamper\u00f3w i przyczep kempingowych. Zadbaj o zr\u00f3wnowa\u017cone \u017ar\u00f3d\u0142a energii z CampService\" \/>\n<meta name=\"robots\" content=\"index, follow, max-snippet:-1, max-image-preview:large, max-video-preview:-1\" \/>\n<link rel=\"canonical\" href=\"https:\/\/campservice.pl\/en\/instalacje-solarne\/\" \/>\n<meta property=\"og:locale\" content=\"en_GB\" \/>\n<meta property=\"og:type\" content=\"article\" \/>\n<meta property=\"og:title\" content=\"Instalacje Solarne dla Kamper\u00f3w | CampService\" \/>\n<meta property=\"og:description\" content=\"Ekologiczne i wydajne instalacje solarne dla kamper\u00f3w i przyczep kempingowych. Zadbaj o zr\u00f3wnowa\u017cone \u017ar\u00f3d\u0142a energii z CampService\" \/>\n<meta property=\"og:url\" content=\"https:\/\/campservice.pl\/en\/instalacje-solarne\/\" \/>\n<meta property=\"og:site_name\" content=\"CampService\" \/>\n<meta property=\"article:publisher\" content=\"https:\/\/www.facebook.com\/campservicepila\" \/>\n<meta property=\"article:modified_time\" content=\"2025-09-02T15:00:04+00:00\" \/>\n<meta property=\"og:image\" content=\"https:\/\/campservice.pl\/wp-content\/uploads\/2024\/07\/20230829_132021-768x1024.jpg\" \/>\n<meta name=\"twitter:card\" content=\"summary_large_image\" \/>\n<meta name=\"twitter:label1\" content=\"Estimated reading time\" \/>\n\t<meta name=\"twitter:data1\" content=\"3 minutes\" \/>\n<script type=\"application\/ld+json\" class=\"yoast-schema-graph\">{\"@context\":\"https:\/\/schema.org\",\"@graph\":[{\"@type\":\"WebPage\",\"@id\":\"https:\/\/campservice.pl\/instalacje-solarne\/\",\"url\":\"https:\/\/campservice.pl\/instalacje-solarne\/\",\"name\":\"Instalacje Solarne dla Kamper\u00f3w | CampService\",\"isPartOf\":{\"@id\":\"https:\/\/campservice.pl\/#website\"},\"primaryImageOfPage\":{\"@id\":\"https:\/\/campservice.pl\/instalacje-solarne\/#primaryimage\"},\"image\":{\"@id\":\"https:\/\/campservice.pl\/instalacje-solarne\/#primaryimage\"},\"thumbnailUrl\":\"https:\/\/campservice.pl\/wp-content\/uploads\/2024\/07\/20230829_132021-768x1024.jpg\",\"datePublished\":\"2024-03-29T09:53:03+00:00\",\"dateModified\":\"2025-09-02T15:00:04+00:00\",\"description\":\"Ekologiczne i wydajne instalacje solarne dla kamper\u00f3w i przyczep kempingowych. Zadbaj o zr\u00f3wnowa\u017cone \u017ar\u00f3d\u0142a energii z CampService\",\"breadcrumb\":{\"@id\":\"https:\/\/campservice.pl\/instalacje-solarne\/#breadcrumb\"},\"inLanguage\":\"en-GB\",\"potentialAction\":[{\"@type\":\"ReadAction\",\"target\":[\"https:\/\/campservice.pl\/instalacje-solarne\/\"]}]},{\"@type\":\"ImageObject\",\"inLanguage\":\"en-GB\",\"@id\":\"https:\/\/campservice.pl\/instalacje-solarne\/#primaryimage\",\"url\":\"https:\/\/campservice.pl\/wp-content\/uploads\/2024\/07\/20230829_132021-768x1024.jpg\",\"contentUrl\":\"https:\/\/campservice.pl\/wp-content\/uploads\/2024\/07\/20230829_132021-768x1024.jpg\"},{\"@type\":\"BreadcrumbList\",\"@id\":\"https:\/\/campservice.pl\/instalacje-solarne\/#breadcrumb\",\"itemListElement\":[{\"@type\":\"ListItem\",\"position\":1,\"name\":\"Strona g\u0142\u00f3wna\",\"item\":\"https:\/\/campservice.pl\/\"},{\"@type\":\"ListItem\",\"position\":2,\"name\":\"Instalacje solarne\"}]},{\"@type\":\"WebSite\",\"@id\":\"https:\/\/campservice.pl\/#website\",\"url\":\"https:\/\/campservice.pl\/\",\"name\":\"CampService\",\"description\":\"Profesjonalny serwis kamper\u00f3w i przyczep kempingowych\",\"publisher\":{\"@id\":\"https:\/\/campservice.pl\/#organization\"},\"potentialAction\":[{\"@type\":\"SearchAction\",\"target\":{\"@type\":\"EntryPoint\",\"urlTemplate\":\"https:\/\/campservice.pl\/?s={search_term_string}\"},\"query-input\":\"required name=search_term_string\"}],\"inLanguage\":\"en-GB\"},{\"@type\":\"Organization\",\"@id\":\"https:\/\/campservice.pl\/#organization\",\"name\":\"CampService\",\"url\":\"https:\/\/campservice.pl\/\",\"logo\":{\"@type\":\"ImageObject\",\"inLanguage\":\"en-GB\",\"@id\":\"https:\/\/campservice.pl\/#\/schema\/logo\/image\/\",\"url\":\"https:\/\/campservice.pl\/wp-content\/uploads\/2024\/03\/logo_camp-kopia.png\",\"contentUrl\":\"https:\/\/campservice.pl\/wp-content\/uploads\/2024\/03\/logo_camp-kopia.png\",\"width\":139,\"height\":68,\"caption\":\"CampService\"},\"image\":{\"@id\":\"https:\/\/campservice.pl\/#\/schema\/logo\/image\/\"},\"sameAs\":[\"https:\/\/www.facebook.com\/campservicepila\",\"https:\/\/www.instagram.com\/campservicepila\/\",\"https:\/\/www.youtube.com\/channel\/UChmaSgRFt0Hmcd3M3g6YWmA\"]}]}<\/script>\n<!-- \/ Yoast SEO plugin. -->","yoast_head_json":{"title":"Instalacje Solarne dla Kamper\u00f3w | CampService","description":"Ekologiczne i wydajne instalacje solarne dla kamper\u00f3w i przyczep kempingowych. Zadbaj o zr\u00f3wnowa\u017cone \u017ar\u00f3d\u0142a energii z CampService","robots":{"index":"index","follow":"follow","max-snippet":"max-snippet:-1","max-image-preview":"max-image-preview:large","max-video-preview":"max-video-preview:-1"},"canonical":"https:\/\/campservice.pl\/en\/instalacje-solarne\/","og_locale":"en_GB","og_type":"article","og_title":"Instalacje Solarne dla Kamper\u00f3w | CampService","og_description":"Ekologiczne i wydajne instalacje solarne dla kamper\u00f3w i przyczep kempingowych. Zadbaj o zr\u00f3wnowa\u017cone \u017ar\u00f3d\u0142a energii z CampService","og_url":"https:\/\/campservice.pl\/en\/instalacje-solarne\/","og_site_name":"CampService","article_publisher":"https:\/\/www.facebook.com\/campservicepila","article_modified_time":"2025-09-02T15:00:04+00:00","og_image":[{"url":"https:\/\/campservice.pl\/wp-content\/uploads\/2024\/07\/20230829_132021-768x1024.jpg"}],"twitter_card":"summary_large_image","twitter_misc":{"Estimated reading time":"3 minutes"},"schema":{"@context":"https:\/\/schema.org","@graph":[{"@type":"WebPage","@id":"https:\/\/campservice.pl\/instalacje-solarne\/","url":"https:\/\/campservice.pl\/instalacje-solarne\/","name":"Instalacje Solarne dla Kamper\u00f3w | CampService","isPartOf":{"@id":"https:\/\/campservice.pl\/#website"},"primaryImageOfPage":{"@id":"https:\/\/campservice.pl\/instalacje-solarne\/#primaryimage"},"image":{"@id":"https:\/\/campservice.pl\/instalacje-solarne\/#primaryimage"},"thumbnailUrl":"https:\/\/campservice.pl\/wp-content\/uploads\/2024\/07\/20230829_132021-768x1024.jpg","datePublished":"2024-03-29T09:53:03+00:00","dateModified":"2025-09-02T15:00:04+00:00","description":"Ekologiczne i wydajne instalacje solarne dla kamper\u00f3w i przyczep kempingowych. Zadbaj o zr\u00f3wnowa\u017cone \u017ar\u00f3d\u0142a energii z CampService","breadcrumb":{"@id":"https:\/\/campservice.pl\/instalacje-solarne\/#breadcrumb"},"inLanguage":"en-GB","potentialAction":[{"@type":"ReadAction","target":["https:\/\/campservice.pl\/instalacje-solarne\/"]}]},{"@type":"ImageObject","inLanguage":"en-GB","@id":"https:\/\/campservice.pl\/instalacje-solarne\/#primaryimage","url":"https:\/\/campservice.pl\/wp-content\/uploads\/2024\/07\/20230829_132021-768x1024.jpg","contentUrl":"https:\/\/campservice.pl\/wp-content\/uploads\/2024\/07\/20230829_132021-768x1024.jpg"},{"@type":"BreadcrumbList","@id":"https:\/\/campservice.pl\/instalacje-solarne\/#breadcrumb","itemListElement":[{"@type":"ListItem","position":1,"name":"Strona g\u0142\u00f3wna","item":"https:\/\/campservice.pl\/"},{"@type":"ListItem","position":2,"name":"Instalacje solarne"}]},{"@type":"WebSite","@id":"https:\/\/campservice.pl\/#website","url":"https:\/\/campservice.pl\/","name":"CampService","description":"Professional service for campers and caravans","publisher":{"@id":"https:\/\/campservice.pl\/#organization"},"potentialAction":[{"@type":"SearchAction","target":{"@type":"EntryPoint","urlTemplate":"https:\/\/campservice.pl\/?s={search_term_string}"},"query-input":"required name=search_term_string"}],"inLanguage":"en-GB"},{"@type":"Organization","@id":"https:\/\/campservice.pl\/#organization","name":"CampService","url":"https:\/\/campservice.pl\/","logo":{"@type":"ImageObject","inLanguage":"en-GB","@id":"https:\/\/campservice.pl\/#\/schema\/logo\/image\/","url":"https:\/\/campservice.pl\/wp-content\/uploads\/2024\/03\/logo_camp-kopia.png","contentUrl":"https:\/\/campservice.pl\/wp-content\/uploads\/2024\/03\/logo_camp-kopia.png","width":139,"height":68,"caption":"CampService"},"image":{"@id":"https:\/\/campservice.pl\/#\/schema\/logo\/image\/"},"sameAs":["https:\/\/www.facebook.com\/campservicepila","https:\/\/www.instagram.com\/campservicepila\/","https:\/\/www.youtube.com\/channel\/UChmaSgRFt0Hmcd3M3g6YWmA"]}]}},"_links":{"self":[{"href":"https:\/\/campservice.pl\/en\/wp-json\/wp\/v2\/pages\/2266"}],"collection":[{"href":"https:\/\/campservice.pl\/en\/wp-json\/wp\/v2\/pages"}],"about":[{"href":"https:\/\/campservice.pl\/en\/wp-json\/wp\/v2\/types\/page"}],"author":[{"embeddable":true,"href":"https:\/\/campservice.pl\/en\/wp-json\/wp\/v2\/users\/4"}],"replies":[{"embeddable":true,"href":"https:\/\/campservice.pl\/en\/wp-json\/wp\/v2\/comments?post=2266"}],"version-history":[{"count":25,"href":"https:\/\/campservice.pl\/en\/wp-json\/wp\/v2\/pages\/2266\/revisions"}],"predecessor-version":[{"id":3558,"href":"https:\/\/campservice.pl\/en\/wp-json\/wp\/v2\/pages\/2266\/revisions\/3558"}],"wp:attachment":[{"href":"https:\/\/campservice.pl\/en\/wp-json\/wp\/v2\/media?parent=2266"}],"curies":[{"name":"wp","href":"https:\/\/api.w.org\/{rel}","templated":true}]}}